{"id":24,"date":"2023-01-26T17:24:46","date_gmt":"2023-01-26T17:24:46","guid":{"rendered":"https:\/\/www.suinpa.com\/?page_id=24"},"modified":"2023-01-27T07:49:29","modified_gmt":"2023-01-27T07:49:29","slug":"elementor-24","status":"publish","type":"page","link":"http:\/\/www.suinpa.com\/","title":{"rendered":"Elementor #24"},"content":{"rendered":"\t\t<div data-elementor-type=\"wp-post\" data-elementor-id=\"24\" class=\"elementor elementor-24\">\n\t\t\t\t\t\t\t\t\t<section class=\"elementor-section elementor-top-section elementor-element elementor-element-e105649 elementor-section-boxed elementor-section-height-default elementor-section-height-default\" data-id=\"e105649\" data-element_type=\"section\">\n\t\t\t\t\t\t<div class=\"elementor-container elementor-column-gap-default\">\n\t\t\t\t\t<div class=\"elementor-column elementor-col-100 elementor-top-column elementor-element elementor-element-85fc4f6\" data-id=\"85fc4f6\" data-element_type=\"column\">\n\t\t\t<div class=\"elementor-widget-wrap elementor-element-populated\">\n\t\t\t\t\t\t\t\t<div class=\"elementor-element elementor-element-28c4d43 elementor-widget elementor-widget-heading\" data-id=\"28c4d43\" data-element_type=\"widget\" data-widget_type=\"heading.default\">\n\t\t\t\t<div class=\"elementor-widget-container\">\n\t\t\t<style>\/*! elementor - v3.10.1 - 17-01-2023 *\/\n.elementor-heading-title{padding:0;margin:0;line-height:1}.elementor-widget-heading .elementor-heading-title[class*=elementor-size-]>a{color:inherit;font-size:inherit;line-height:inherit}.elementor-widget-heading .elementor-heading-title.elementor-size-small{font-size:15px}.elementor-widget-heading .elementor-heading-title.elementor-size-medium{font-size:19px}.elementor-widget-heading .elementor-heading-title.elementor-size-large{font-size:29px}.elementor-widget-heading .elementor-heading-title.elementor-size-xl{font-size:39px}.elementor-widget-heading .elementor-heading-title.elementor-size-xxl{font-size:59px}<\/style><h2 class=\"elementor-heading-title elementor-size-default\">Agente digitalizador oficial<\/h2>\t\t<\/div>\n\t\t\t\t<\/div>\n\t\t\t\t<div class=\"elementor-element elementor-element-17dac72 elementor-widget elementor-widget-image\" data-id=\"17dac72\" data-element_type=\"widget\" data-widget_type=\"image.default\">\n\t\t\t\t<div class=\"elementor-widget-container\">\n\t\t\t<style>\/*! elementor - v3.10.1 - 17-01-2023 *\/\n.elementor-widget-image{text-align:center}.elementor-widget-image a{display:inline-block}.elementor-widget-image a img[src$=\".svg\"]{width:48px}.elementor-widget-image img{vertical-align:middle;display:inline-block}<\/style>\t\t\t\t\t\t\t\t\t<figure class=\"wp-caption\">\n\t\t\t\t\t\t\t\t\t\t<img loading=\"lazy\" decoding=\"async\" width=\"658\" height=\"57\" src=\"http:\/\/www.suinpa.com\/wp-content\/uploads\/2023\/01\/digital2.jpg\" class=\"attachment-large size-large wp-image-26\" alt=\"\" srcset=\"http:\/\/www.suinpa.com\/wp-content\/uploads\/2023\/01\/digital2.jpg 658w, http:\/\/www.suinpa.com\/wp-content\/uploads\/2023\/01\/digital2-300x26.jpg 300w\" sizes=\"auto, (max-width: 658px) 100vw, 658px\" \/>\t\t\t\t\t\t\t\t\t\t\t<figcaption class=\"widget-image-caption wp-caption-text\"><\/figcaption>\n\t\t\t\t\t\t\t\t\t\t<\/figure>\n\t\t\t\t\t\t\t\t\t<\/div>\n\t\t\t\t<\/div>\n\t\t\t\t\t<\/div>\n\t\t<\/div>\n\t\t\t\t\t\t\t<\/div>\n\t\t<\/section>\n\t\t\t\t<section class=\"elementor-section elementor-top-section elementor-element elementor-element-5063a30 elementor-section-boxed elementor-section-height-default elementor-section-height-default\" data-id=\"5063a30\" data-element_type=\"section\">\n\t\t\t\t\t\t<div class=\"elementor-container elementor-column-gap-default\">\n\t\t\t\t\t<div class=\"elementor-column elementor-col-66 elementor-top-column elementor-element elementor-element-f2c1992\" data-id=\"f2c1992\" data-element_type=\"column\">\n\t\t\t<div class=\"elementor-widget-wrap elementor-element-populated\">\n\t\t\t\t\t\t\t\t<div class=\"elementor-element elementor-element-de56d17 elementor-widget elementor-widget-text-editor\" data-id=\"de56d17\" data-element_type=\"widget\" data-widget_type=\"text-editor.default\">\n\t\t\t\t<div class=\"elementor-widget-container\">\n\t\t\t<style>\/*! elementor - v3.10.1 - 17-01-2023 *\/\n.elementor-widget-text-editor.elementor-drop-cap-view-stacked .elementor-drop-cap{background-color:#818a91;color:#fff}.elementor-widget-text-editor.elementor-drop-cap-view-framed .elementor-drop-cap{color:#818a91;border:3px solid;background-color:transparent}.elementor-widget-text-editor:not(.elementor-drop-cap-view-default) .elementor-drop-cap{margin-top:8px}.elementor-widget-text-editor:not(.elementor-drop-cap-view-default) .elementor-drop-cap-letter{width:1em;height:1em}.elementor-widget-text-editor .elementor-drop-cap{float:left;text-align:center;line-height:1;font-size:50px}.elementor-widget-text-editor .elementor-drop-cap-letter{display:inline-block}<\/style>\t\t\t\t<ol><li>Venta de ordenadores, equipos y complementos inform\u00e1ticos.<\/li><li>Instalaci\u00f3n y configuraci\u00f3n de redes.<\/li><li>Servicios de copia, restauraci\u00f3n y recuperaci\u00f3n de datos.<\/li><li>Mantenimiento y reparaci\u00f3n de equipos.<\/li><li>Programaci\u00f3n a medida.<\/li><li>Instalaciones de video vigilancia<\/li><li>Tel\u00e9fonos voz IP<\/li><\/ol>\t\t\t\t\t\t<\/div>\n\t\t\t\t<\/div>\n\t\t\t\t\t<\/div>\n\t\t<\/div>\n\t\t\t\t<div class=\"elementor-column elementor-col-33 elementor-top-column elementor-element elementor-element-8d4183b\" data-id=\"8d4183b\" data-element_type=\"column\">\n\t\t\t<div class=\"elementor-widget-wrap elementor-element-populated\">\n\t\t\t\t\t\t\t\t<div class=\"elementor-element elementor-element-793b757 elementor-widget elementor-widget-image\" data-id=\"793b757\" data-element_type=\"widget\" data-widget_type=\"image.default\">\n\t\t\t\t<div class=\"elementor-widget-container\">\n\t\t\t\t\t\t\t\t\t\t\t\t\t\t\t<img loading=\"lazy\" decoding=\"async\" width=\"766\" height=\"1024\" src=\"http:\/\/www.suinpa.com\/wp-content\/uploads\/2023\/01\/IMG_20221224_123145-1-766x1024.jpg\" class=\"attachment-large size-large wp-image-29\" alt=\"\" srcset=\"http:\/\/www.suinpa.com\/wp-content\/uploads\/2023\/01\/IMG_20221224_123145-1-766x1024.jpg 766w, http:\/\/www.suinpa.com\/wp-content\/uploads\/2023\/01\/IMG_20221224_123145-1-225x300.jpg 225w, http:\/\/www.suinpa.com\/wp-content\/uploads\/2023\/01\/IMG_20221224_123145-1-768x1026.jpg 768w, http:\/\/www.suinpa.com\/wp-content\/uploads\/2023\/01\/IMG_20221224_123145-1-1150x1536.jpg 1150w, http:\/\/www.suinpa.com\/wp-content\/uploads\/2023\/01\/IMG_20221224_123145-1-1533x2048.jpg 1533w, http:\/\/www.suinpa.com\/wp-content\/uploads\/2023\/01\/IMG_20221224_123145-1-scaled.jpg 1916w\" sizes=\"auto, (max-width: 766px) 100vw, 766px\" \/>\t\t\t\t\t\t\t\t\t\t\t\t\t\t\t<\/div>\n\t\t\t\t<\/div>\n\t\t\t\t<div class=\"elementor-element elementor-element-a9e30b5 elementor-widget elementor-widget-text-editor\" data-id=\"a9e30b5\" data-element_type=\"widget\" data-widget_type=\"text-editor.default\">\n\t\t\t\t<div class=\"elementor-widget-container\">\n\t\t\t\t\t\t\t<p>Ofreciendo servicios ininterrumpidamente desde 1986<\/p>\t\t\t\t\t\t<\/div>\n\t\t\t\t<\/div>\n\t\t\t\t\t<\/div>\n\t\t<\/div>\n\t\t\t\t\t\t\t<\/div>\n\t\t<\/section>\n\t\t\t\t\t\t\t<\/div>\n\t\t","protected":false},"excerpt":{"rendered":"<p>Agente digitalizador oficial Venta de ordenadores, equipos y complementos inform\u00e1ticos. Instalaci\u00f3n y configuraci\u00f3n de redes. Servicios de copia, restauraci\u00f3n y recuperaci\u00f3n de datos. Mantenimiento y reparaci\u00f3n de equipos. Programaci\u00f3n a medida. Instalaciones de video vigilancia Tel\u00e9fonos voz IP Ofreciendo servicios ininterrumpidamente desde 1986<\/p>\n","protected":false},"author":1,"featured_media":0,"parent":0,"menu_order":0,"comment_status":"closed","ping_status":"closed","template":"","meta":{"site-sidebar-layout":"no-sidebar","site-content-layout":"page-builder","ast-global-header-display":"","ast-main-header-display":"","ast-hfb-above-header-display":"","ast-hfb-below-header-display":"","ast-hfb-mobile-header-display":"","site-post-title":"disabled","ast-breadcrumbs-content":"","ast-featured-img":"disabled","footer-sml-layout":"","theme-transparent-header-meta":"","adv-header-id-meta":"","stick-header-meta":"","header-above-stick-meta":"","header-main-stick-meta":"","header-below-stick-meta":"","footnotes":""},"class_list":["post-24","page","type-page","status-publish","hentry"],"_links":{"self":[{"href":"http:\/\/www.suinpa.com\/index.php\/wp-json\/wp\/v2\/pages\/24","targetHints":{"allow":["GET"]}}],"collection":[{"href":"http:\/\/www.suinpa.com\/index.php\/wp-json\/wp\/v2\/pages"}],"about":[{"href":"http:\/\/www.suinpa.com\/index.php\/wp-json\/wp\/v2\/types\/page"}],"author":[{"embeddable":true,"href":"http:\/\/www.suinpa.com\/index.php\/wp-json\/wp\/v2\/users\/1"}],"replies":[{"embeddable":true,"href":"http:\/\/www.suinpa.com\/index.php\/wp-json\/wp\/v2\/comments?post=24"}],"version-history":[{"count":19,"href":"http:\/\/www.suinpa.com\/index.php\/wp-json\/wp\/v2\/pages\/24\/revisions"}],"predecessor-version":[{"id":52,"href":"http:\/\/www.suinpa.com\/index.php\/wp-json\/wp\/v2\/pages\/24\/revisions\/52"}],"wp:attachment":[{"href":"http:\/\/www.suinpa.com\/index.php\/wp-json\/wp\/v2\/media?parent=24"}],"curies":[{"name":"wp","href":"https:\/\/api.w.org\/{rel}","templated":true}]}}